{"id":98,"date":"2022-08-06T00:41:38","date_gmt":"2022-08-06T00:41:38","guid":{"rendered":"https:\/\/digitalmetacoin.net\/?page_id=98"},"modified":"2022-08-09T15:04:13","modified_gmt":"2022-08-09T15:04:13","slug":"about-us","status":"publish","type":"page","link":"https:\/\/digitalmetacoin.net\/es\/acerca-de\/","title":{"rendered":"Acerca de"},"content":{"rendered":"<div data-elementor-type=\"wp-page\" data-elementor-id=\"98\" class=\"elementor elementor-98\" data-elementor-post-type=\"page\">\n\t\t\t\t\t\t<section class=\"elementor-section elementor-top-section elementor-element elementor-element-79fbaa71 elementor-section-boxed elementor-section-height-default elementor-section-height-default\" data-id=\"79fbaa71\" data-element_type=\"section\" data-settings=\"{&quot;background_background&quot;:&quot;classic&quot;}\">\n\t\t\t\t\t\t\t<div class=\"elementor-background-overlay\"><\/div>\n\t\t\t\t\t\t\t<div class=\"elementor-container elementor-column-gap-default\">\n\t\t\t\t\t<div class=\"elementor-column elementor-col-100 elementor-top-column elementor-element elementor-element-272da267\" data-id=\"272da267\" data-element_type=\"column\">\n\t\t\t<div class=\"elementor-widget-wrap elementor-element-populated\">\n\t\t\t\t\t\t\t<\/div>\n\t\t<\/div>\n\t\t\t\t\t<\/div>\n\t\t<\/section>\n\t\t\t\t<section class=\"elementor-section elementor-top-section elementor-element elementor-element-6c65872a elementor-section-boxed elementor-section-height-default elementor-section-height-default\" data-id=\"6c65872a\" data-element_type=\"section\">\n\t\t\t\t\t\t<div class=\"elementor-container elementor-column-gap-default\">\n\t\t\t\t\t<div class=\"elementor-column elementor-col-50 elementor-top-column elementor-element elementor-element-16c2fca4 elementor-invisible\" data-id=\"16c2fca4\" data-element_type=\"column\" data-settings=\"{&quot;animation&quot;:&quot;fadeIn&quot;}\">\n\t\t\t<div class=\"elementor-widget-wrap elementor-element-populated\">\n\t\t\t\t\t\t<div class=\"elementor-element elementor-element-3eb346f9 elementor-widget elementor-widget-image\" data-id=\"3eb346f9\" data-element_type=\"widget\" data-widget_type=\"image.default\">\n\t\t\t\t<div class=\"elementor-widget-container\">\n\t\t\t\t\t\t\t\t\t\t\t\t\t\t\t<img fetchpriority=\"high\" decoding=\"async\" width=\"800\" height=\"534\" src=\"https:\/\/digitalmetacoin.net\/wp-content\/uploads\/2022\/08\/happy-to-hear-you-portrait-of-smiling-bearded-businessman-in-full-suit-talking-by-phone-with-client-1024x684.jpg\" class=\"attachment-large size-large wp-image-629\" alt=\"Happy to hear you Portrait of smiling bearded businessman in full suit talking by phone with client\" srcset=\"https:\/\/digitalmetacoin.net\/wp-content\/uploads\/2022\/08\/happy-to-hear-you-portrait-of-smiling-bearded-businessman-in-full-suit-talking-by-phone-with-client-1024x684.jpg 1024w, https:\/\/digitalmetacoin.net\/wp-content\/uploads\/2022\/08\/happy-to-hear-you-portrait-of-smiling-bearded-businessman-in-full-suit-talking-by-phone-with-client-300x200.jpg 300w, https:\/\/digitalmetacoin.net\/wp-content\/uploads\/2022\/08\/happy-to-hear-you-portrait-of-smiling-bearded-businessman-in-full-suit-talking-by-phone-with-client-768x513.jpg 768w, https:\/\/digitalmetacoin.net\/wp-content\/uploads\/2022\/08\/happy-to-hear-you-portrait-of-smiling-bearded-businessman-in-full-suit-talking-by-phone-with-client-1536x1025.jpg 1536w, https:\/\/digitalmetacoin.net\/wp-content\/uploads\/2022\/08\/happy-to-hear-you-portrait-of-smiling-bearded-businessman-in-full-suit-talking-by-phone-with-client-18x12.jpg 18w, https:\/\/digitalmetacoin.net\/wp-content\/uploads\/2022\/08\/happy-to-hear-you-portrait-of-smiling-bearded-businessman-in-full-suit-talking-by-phone-with-client.jpg 2000w\" sizes=\"(max-width: 800px) 100vw, 800px\" \/>\t\t\t\t\t\t\t\t\t\t\t\t\t\t\t<\/div>\n\t\t\t\t<\/div>\n\t\t\t\t<div class=\"elementor-element elementor-element-409cbf58 elementor-widget elementor-widget-image\" data-id=\"409cbf58\" data-element_type=\"widget\" data-widget_type=\"image.default\">\n\t\t\t\t<div class=\"elementor-widget-container\">\n\t\t\t\t\t\t\t\t\t\t\t\t\t\t\t<img decoding=\"async\" width=\"800\" height=\"533\" src=\"https:\/\/digitalmetacoin.net\/wp-content\/uploads\/2022\/08\/professional-female-economist-calculates-finance-at-home-holds-paper-document-makes-financial-report-1024x682.jpg\" class=\"attachment-large size-large wp-image-630\" alt=\"Professional female economist calculates finance at home holds paper document makes financial report\" srcset=\"https:\/\/digitalmetacoin.net\/wp-content\/uploads\/2022\/08\/professional-female-economist-calculates-finance-at-home-holds-paper-document-makes-financial-report-1024x682.jpg 1024w, https:\/\/digitalmetacoin.net\/wp-content\/uploads\/2022\/08\/professional-female-economist-calculates-finance-at-home-holds-paper-document-makes-financial-report-300x200.jpg 300w, https:\/\/digitalmetacoin.net\/wp-content\/uploads\/2022\/08\/professional-female-economist-calculates-finance-at-home-holds-paper-document-makes-financial-report-768x512.jpg 768w, https:\/\/digitalmetacoin.net\/wp-content\/uploads\/2022\/08\/professional-female-economist-calculates-finance-at-home-holds-paper-document-makes-financial-report-1536x1024.jpg 1536w, https:\/\/digitalmetacoin.net\/wp-content\/uploads\/2022\/08\/professional-female-economist-calculates-finance-at-home-holds-paper-document-makes-financial-report-18x12.jpg 18w, https:\/\/digitalmetacoin.net\/wp-content\/uploads\/2022\/08\/professional-female-economist-calculates-finance-at-home-holds-paper-document-makes-financial-report.jpg 2000w\" sizes=\"(max-width: 800px) 100vw, 800px\" \/>\t\t\t\t\t\t\t\t\t\t\t\t\t\t\t<\/div>\n\t\t\t\t<\/div>\n\t\t\t\t\t<\/div>\n\t\t<\/div>\n\t\t\t\t<div class=\"elementor-column elementor-col-50 elementor-top-column elementor-element elementor-element-460337d3 elementor-invisible\" data-id=\"460337d3\" data-element_type=\"column\" data-settings=\"{&quot;animation&quot;:&quot;fadeIn&quot;,&quot;animation_delay&quot;:200}\">\n\t\t\t<div class=\"elementor-widget-wrap elementor-element-populated\">\n\t\t\t\t\t\t<div class=\"elementor-element elementor-element-5c42a86 elementor-widget elementor-widget-heading\" data-id=\"5c42a86\" data-element_type=\"widget\" data-widget_type=\"heading.default\">\n\t\t\t\t<div class=\"elementor-widget-container\">\n\t\t\t\t\t<h2 class=\"elementor-heading-title elementor-size-default\">Digital Meta Coin<\/h2>\t\t\t\t<\/div>\n\t\t\t\t<\/div>\n\t\t\t\t<div class=\"elementor-element elementor-element-2210371e elementor-widget elementor-widget-heading\" data-id=\"2210371e\" data-element_type=\"widget\" data-widget_type=\"heading.default\">\n\t\t\t\t<div class=\"elementor-widget-container\">\n\t\t\t\t\t<h2 class=\"elementor-heading-title elementor-size-default\">LA FIRMA<\/h2>\t\t\t\t<\/div>\n\t\t\t\t<\/div>\n\t\t\t\t<div class=\"elementor-element elementor-element-efa7b0b elementor-widget elementor-widget-text-editor\" data-id=\"efa7b0b\" data-element_type=\"widget\" data-widget_type=\"text-editor.default\">\n\t\t\t\t<div class=\"elementor-widget-container\">\n\t\t\t\t\t\t\t\t\t<p>Digital Meta Coin es una de las firmas de inversi\u00f3n de capital privado m\u00e1s experimentadas que operan en la actualidad. Nuestra filosof\u00eda y enfoque de inversi\u00f3n nos distinguen en las inversiones de capital privado combinadas con la gesti\u00f3n de activos digitales centrados en proyectos basados en Blockchain y protocolos descentralizados.<\/p><p>Estos activos de Blockchain se han convertido en uno de los principales pilares de la nueva econom\u00eda en la que los individuos obtienen recompensas a nivel de protocolo que hoy habr\u00edan desbloqueado miles de millones de d\u00f3lares en valor para sus usuarios e inversores.<\/p><p>Estamos comprometidos desde el principio con un equipo de expertos profesionales en inversiones y defensores del bitcoin, que ha revolucionado el sistema financiero actual y se ha convertido en una herramienta tecnol\u00f3gica financiera para la mejora del mundo.<\/p><p>Nuestros clientes son nuestra m\u00e1xima prioridad.<br \/>El negocio de inversores individuales de Digital Meta Coin permite a nuestros inversores la oportunidad de crear nuevas oportunidades para nuestros clientes a trav\u00e9s de nuevas ofertas y herramientas integradas e innovadoras.<\/p>\t\t\t\t\t\t\t\t<\/div>\n\t\t\t\t<\/div>\n\t\t\t\t\t<\/div>\n\t\t<\/div>\n\t\t\t\t\t<\/div>\n\t\t<\/section>\n\t\t\t\t<section class=\"elementor-section elementor-top-section elementor-element elementor-element-374ee49 elementor-reverse-tablet elementor-reverse-mobile elementor-section-boxed elementor-section-height-default elementor-section-height-default\" data-id=\"374ee49\" data-element_type=\"section\">\n\t\t\t\t\t\t<div class=\"elementor-container elementor-column-gap-default\">\n\t\t\t\t\t<div class=\"elementor-column elementor-col-50 elementor-top-column elementor-element elementor-element-cc452c7 elementor-invisible\" data-id=\"cc452c7\" data-element_type=\"column\" data-settings=\"{&quot;background_background&quot;:&quot;classic&quot;,&quot;animation&quot;:&quot;fadeIn&quot;,&quot;animation_delay&quot;:200}\">\n\t\t\t<div class=\"elementor-widget-wrap elementor-element-populated\">\n\t\t\t\t\t\t<div class=\"elementor-element elementor-element-f684521 elementor-widget-divider--view-line elementor-widget elementor-widget-divider\" data-id=\"f684521\" data-element_type=\"widget\" data-widget_type=\"divider.default\">\n\t\t\t\t<div class=\"elementor-widget-container\">\n\t\t\t\t\t\t\t<div class=\"elementor-divider\">\n\t\t\t<span class=\"elementor-divider-separator\">\n\t\t\t\t\t\t<\/span>\n\t\t<\/div>\n\t\t\t\t\t\t<\/div>\n\t\t\t\t<\/div>\n\t\t\t\t<div class=\"elementor-element elementor-element-d2bbb8a elementor-widget elementor-widget-heading\" data-id=\"d2bbb8a\" data-element_type=\"widget\" data-widget_type=\"heading.default\">\n\t\t\t\t<div class=\"elementor-widget-container\">\n\t\t\t\t\t<h2 class=\"elementor-heading-title elementor-size-default\">Filosof\u00eda de inversi\u00f3n<\/h2>\t\t\t\t<\/div>\n\t\t\t\t<\/div>\n\t\t\t\t<div class=\"elementor-element elementor-element-ab9eddd elementor-widget elementor-widget-text-editor\" data-id=\"ab9eddd\" data-element_type=\"widget\" data-widget_type=\"text-editor.default\">\n\t\t\t\t<div class=\"elementor-widget-container\">\n\t\t\t\t\t\t\t\t\t<p>Nuestra filosof\u00eda es hacer lo que hacemos bien, como participantes y consultores de proyectos de protocolo Blockchain y organizaciones que apoyan tecnolog\u00edas innovadoras. Ponemos a nuestros socios en primer lugar y trabajamos duro cada d\u00eda para que cada equipo que colabora con nosotros tenga \u00e9xito y haga el bien.<\/p><p>Tratamos de impulsar un cambio positivo en las empresas apoyando a los emprendedores y a las empresas l\u00edderes del futuro que carecen de financiaci\u00f3n tradicional. Utilizamos nuestra experiencia y redes establecidas para ayudar a proporcionar un crecimiento sostenible a las empresas de nuestra cartera.<\/p>\t\t\t\t\t\t\t\t<\/div>\n\t\t\t\t<\/div>\n\t\t\t\t\t<\/div>\n\t\t<\/div>\n\t\t\t\t<div class=\"elementor-column elementor-col-50 elementor-top-column elementor-element elementor-element-d1c0b9d elementor-invisible\" data-id=\"d1c0b9d\" data-element_type=\"column\" data-settings=\"{&quot;animation&quot;:&quot;fadeIn&quot;}\">\n\t\t\t<div class=\"elementor-widget-wrap elementor-element-populated\">\n\t\t\t\t\t\t<div class=\"elementor-element elementor-element-b1b5e6f elementor-widget elementor-widget-heading\" data-id=\"b1b5e6f\" data-element_type=\"widget\" data-widget_type=\"heading.default\">\n\t\t\t\t<div class=\"elementor-widget-container\">\n\t\t\t\t\t<h2 class=\"elementor-heading-title elementor-size-default\">Misi\u00f3n<\/h2>\t\t\t\t<\/div>\n\t\t\t\t<\/div>\n\t\t\t\t<div class=\"elementor-element elementor-element-2a1f569 elementor-widget elementor-widget-text-editor\" data-id=\"2a1f569\" data-element_type=\"widget\" data-widget_type=\"text-editor.default\">\n\t\t\t\t<div class=\"elementor-widget-container\">\n\t\t\t\t\t\t\t\t\t<p>Ser transformadores de la vida financiera a trav\u00e9s de la tecnolog\u00eda y las personas. La raz\u00f3n de ser de nuestro negocio eres t\u00fa. Nuestro objetivo es proporcionarle una forma mejor, l\u00f3gica y personal de invertir y gestionar su dinero.<\/p>\t\t\t\t\t\t\t\t<\/div>\n\t\t\t\t<\/div>\n\t\t\t\t\t<\/div>\n\t\t<\/div>\n\t\t\t\t\t<\/div>\n\t\t<\/section>\n\t\t\t\t<section class=\"elementor-section elementor-top-section elementor-element elementor-element-29864ac elementor-section-boxed elementor-section-height-default elementor-section-height-default\" data-id=\"29864ac\" data-element_type=\"section\" data-settings=\"{&quot;background_background&quot;:&quot;classic&quot;}\">\n\t\t\t\t\t\t<div class=\"elementor-container elementor-column-gap-no\">\n\t\t\t\t\t<div class=\"elementor-column elementor-col-100 elementor-top-column elementor-element elementor-element-29e350a\" data-id=\"29e350a\" data-element_type=\"column\">\n\t\t\t<div class=\"elementor-widget-wrap elementor-element-populated\">\n\t\t\t\t\t\t<section class=\"elementor-section elementor-inner-section elementor-element elementor-element-7c15d4f elementor-section-boxed elementor-section-height-default elementor-section-height-default\" data-id=\"7c15d4f\" data-element_type=\"section\">\n\t\t\t\t\t\t<div class=\"elementor-container elementor-column-gap-wide\">\n\t\t\t\t\t<div class=\"elementor-column elementor-col-50 elementor-inner-column elementor-element elementor-element-bc5e53d elementor-invisible\" data-id=\"bc5e53d\" data-element_type=\"column\" data-settings=\"{&quot;animation&quot;:&quot;fadeIn&quot;}\">\n\t\t\t<div class=\"elementor-widget-wrap elementor-element-populated\">\n\t\t\t\t\t\t<div class=\"elementor-element elementor-element-a099d6c elementor-widget elementor-widget-image\" data-id=\"a099d6c\" data-element_type=\"widget\" data-widget_type=\"image.default\">\n\t\t\t\t<div class=\"elementor-widget-container\">\n\t\t\t\t\t\t\t\t\t\t\t\t\t\t\t<img decoding=\"async\" width=\"800\" height=\"522\" src=\"https:\/\/digitalmetacoin.net\/wp-content\/uploads\/2022\/08\/professional-occupation-group-of-business-people-that-working-on-the-project-in-the-office-1024x668.jpg\" class=\"attachment-large size-large wp-image-650\" alt=\"Professional occupation. Group of business people that working on the project in the office\" srcset=\"https:\/\/digitalmetacoin.net\/wp-content\/uploads\/2022\/08\/professional-occupation-group-of-business-people-that-working-on-the-project-in-the-office-1024x668.jpg 1024w, https:\/\/digitalmetacoin.net\/wp-content\/uploads\/2022\/08\/professional-occupation-group-of-business-people-that-working-on-the-project-in-the-office-300x196.jpg 300w, https:\/\/digitalmetacoin.net\/wp-content\/uploads\/2022\/08\/professional-occupation-group-of-business-people-that-working-on-the-project-in-the-office-768x501.jpg 768w, https:\/\/digitalmetacoin.net\/wp-content\/uploads\/2022\/08\/professional-occupation-group-of-business-people-that-working-on-the-project-in-the-office-1536x1001.jpg 1536w, https:\/\/digitalmetacoin.net\/wp-content\/uploads\/2022\/08\/professional-occupation-group-of-business-people-that-working-on-the-project-in-the-office-18x12.jpg 18w, https:\/\/digitalmetacoin.net\/wp-content\/uploads\/2022\/08\/professional-occupation-group-of-business-people-that-working-on-the-project-in-the-office.jpg 2000w\" sizes=\"(max-width: 800px) 100vw, 800px\" \/>\t\t\t\t\t\t\t\t\t\t\t\t\t\t\t<\/div>\n\t\t\t\t<\/div>\n\t\t\t\t\t<\/div>\n\t\t<\/div>\n\t\t\t\t<div class=\"elementor-column elementor-col-50 elementor-inner-column elementor-element elementor-element-bdc02b4 elementor-invisible\" data-id=\"bdc02b4\" data-element_type=\"column\" data-settings=\"{&quot;animation&quot;:&quot;fadeIn&quot;,&quot;background_background&quot;:&quot;classic&quot;}\">\n\t\t\t<div class=\"elementor-widget-wrap elementor-element-populated\">\n\t\t\t\t\t\t<div class=\"elementor-element elementor-element-d75c6b9 elementor-position-top elementor-view-default elementor-mobile-position-top elementor-widget elementor-widget-icon-box\" data-id=\"d75c6b9\" data-element_type=\"widget\" data-widget_type=\"icon-box.default\">\n\t\t\t\t<div class=\"elementor-widget-container\">\n\t\t\t\t\t\t\t<div class=\"elementor-icon-box-wrapper\">\n\n\t\t\t\t\t\t<div class=\"elementor-icon-box-icon\">\n\t\t\t\t<span  class=\"elementor-icon\">\n\t\t\t\t<i aria-hidden=\"true\" class=\"fas fa-user-alt\"><\/i>\t\t\t\t<\/span>\n\t\t\t<\/div>\n\t\t\t\n\t\t\t\t\t\t<div class=\"elementor-icon-box-content\">\n\n\t\t\t\t\t\t\t\t\t<h2 class=\"elementor-icon-box-title\">\n\t\t\t\t\t\t<span  >\n\t\t\t\t\t\t\tNuestro equipo\t\t\t\t\t\t<\/span>\n\t\t\t\t\t<\/h2>\n\t\t\t\t\n\t\t\t\t\t\t\t\t\t<p class=\"elementor-icon-box-description\">\n\t\t\t\t\t\tNuestro equipo de profesionales experimentados est\u00e1 compuesto por expertos financieros, t\u00e9cnicos y operadores de bitcoin que han desarrollado un fuerte sentido de control de riesgos a trav\u00e9s de su experiencia trabajando en el sistema financiero actual y han demostrado ser invaluables para el desarrollo de nuestro negocio, mientras que nuestros expertos t\u00e9cnicos tienen experiencia en varias empresas de bitcoin que nos han permitido crear nuestros sofisticados sistemas automatizados de comercio y arbitraje. \n\t\t\t\t\t<\/p>\n\t\t\t\t\n\t\t\t<\/div>\n\t\t\t\n\t\t<\/div>\n\t\t\t\t\t\t<\/div>\n\t\t\t\t<\/div>\n\t\t\t\t\t<\/div>\n\t\t<\/div>\n\t\t\t\t\t<\/div>\n\t\t<\/section>\n\t\t\t\t\t<\/div>\n\t\t<\/div>\n\t\t\t\t\t<\/div>\n\t\t<\/section>\n\t\t\t\t<section class=\"elementor-section elementor-top-section elementor-element elementor-element-3bd45e8 elementor-section-boxed elementor-section-height-default elementor-section-height-default\" data-id=\"3bd45e8\" data-element_type=\"section\">\n\t\t\t\t\t\t<div class=\"elementor-container elementor-column-gap-default\">\n\t\t\t\t\t<div class=\"elementor-column elementor-col-100 elementor-top-column elementor-element elementor-element-1f6e5c7\" data-id=\"1f6e5c7\" data-element_type=\"column\">\n\t\t\t<div class=\"elementor-widget-wrap elementor-element-populated\">\n\t\t\t\t\t\t<div class=\"elementor-element elementor-element-2fe79ec elementor-align-center elementor-invisible elementor-widget elementor-widget-button\" data-id=\"2fe79ec\" data-element_type=\"widget\" data-settings=\"{&quot;_animation&quot;:&quot;lightSpeedIn&quot;}\" data-widget_type=\"button.default\">\n\t\t\t\t<div class=\"elementor-widget-container\">\n\t\t\t\t\t\t\t\t\t<div class=\"elementor-button-wrapper\">\n\t\t\t\t\t<a class=\"elementor-button elementor-button-link elementor-size-sm\" href=\"https:\/\/digitalmetacoin.net\/es\/contacto\/\">\n\t\t\t\t\t\t<span class=\"elementor-button-content-wrapper\">\n\t\t\t\t\t\t\t\t\t<span class=\"elementor-button-text\">Contacto<\/span>\n\t\t\t\t\t<\/span>\n\t\t\t\t\t<\/a>\n\t\t\t\t<\/div>\n\t\t\t\t\t\t\t\t<\/div>\n\t\t\t\t<\/div>\n\t\t\t\t\t<\/div>\n\t\t<\/div>\n\t\t\t\t\t<\/div>\n\t\t<\/section>\n\t\t\t\t<section class=\"elementor-section elementor-top-section elementor-element elementor-element-892927b elementor-reverse-tablet elementor-reverse-mobile elementor-section-boxed elementor-section-height-default elementor-section-height-default\" data-id=\"892927b\" data-element_type=\"section\">\n\t\t\t\t\t\t<div class=\"elementor-container elementor-column-gap-default\">\n\t\t\t\t\t<div class=\"elementor-column elementor-col-50 elementor-top-column elementor-element elementor-element-00a3194 elementor-invisible\" data-id=\"00a3194\" data-element_type=\"column\" data-settings=\"{&quot;background_background&quot;:&quot;classic&quot;,&quot;animation&quot;:&quot;fadeIn&quot;,&quot;animation_delay&quot;:200}\">\n\t\t\t<div class=\"elementor-widget-wrap elementor-element-populated\">\n\t\t\t\t\t\t<div class=\"elementor-element elementor-element-48b8db8 elementor-widget-divider--view-line elementor-widget elementor-widget-divider\" data-id=\"48b8db8\" data-element_type=\"widget\" data-widget_type=\"divider.default\">\n\t\t\t\t<div class=\"elementor-widget-container\">\n\t\t\t\t\t\t\t<div class=\"elementor-divider\">\n\t\t\t<span class=\"elementor-divider-separator\">\n\t\t\t\t\t\t<\/span>\n\t\t<\/div>\n\t\t\t\t\t\t<\/div>\n\t\t\t\t<\/div>\n\t\t\t\t<div class=\"elementor-element elementor-element-a23757d elementor-widget elementor-widget-heading\" data-id=\"a23757d\" data-element_type=\"widget\" data-widget_type=\"heading.default\">\n\t\t\t\t<div class=\"elementor-widget-container\">\n\t\t\t\t\t<h2 class=\"elementor-heading-title elementor-size-default\">DIVERSIDAD, EQUIDAD E INCLUSI\u00d3N<\/h2>\t\t\t\t<\/div>\n\t\t\t\t<\/div>\n\t\t\t\t<div class=\"elementor-element elementor-element-7b798d2 elementor-widget elementor-widget-text-editor\" data-id=\"7b798d2\" data-element_type=\"widget\" data-widget_type=\"text-editor.default\">\n\t\t\t\t<div class=\"elementor-widget-container\">\n\t\t\t\t\t\t\t\t\t<p>En Digital Meta Coin<\/p><p>Celebramos juntos nuestras diferencias. Trabajamos cada d\u00eda para incluir la diversidad, la equidad y la inclusi\u00f3n en todo lo que hacemos.<\/p><p>Ser un lugar de trabajo que cree un sentimiento de pertenencia para todos.<\/p><p>Aceptamos todas las perspectivas e identidades porque sabemos que nos hacen m\u00e1s fuertes.<\/p><p>Permitimos a todos ser quienes son y hacer su mejor trabajo, fomentando una comunidad inclusiva.<\/p><p>Animamos a nuestra gente a seguir superando barreras personales y profesionales de todo tipo para seguir creciendo y triunfando.<\/p>\t\t\t\t\t\t\t\t<\/div>\n\t\t\t\t<\/div>\n\t\t\t\t\t<\/div>\n\t\t<\/div>\n\t\t\t\t<div class=\"elementor-column elementor-col-50 elementor-top-column elementor-element elementor-element-f3adab9 elementor-invisible\" data-id=\"f3adab9\" data-element_type=\"column\" data-settings=\"{&quot;background_background&quot;:&quot;classic&quot;,&quot;animation&quot;:&quot;fadeIn&quot;,&quot;animation_delay&quot;:200}\">\n\t\t\t<div class=\"elementor-widget-wrap elementor-element-populated\">\n\t\t\t\t\t\t<div class=\"elementor-element elementor-element-3cb6b13 elementor-widget-divider--view-line elementor-widget elementor-widget-divider\" data-id=\"3cb6b13\" data-element_type=\"widget\" data-widget_type=\"divider.default\">\n\t\t\t\t<div class=\"elementor-widget-container\">\n\t\t\t\t\t\t\t<div class=\"elementor-divider\">\n\t\t\t<span class=\"elementor-divider-separator\">\n\t\t\t\t\t\t<\/span>\n\t\t<\/div>\n\t\t\t\t\t\t<\/div>\n\t\t\t\t<\/div>\n\t\t\t\t<div class=\"elementor-element elementor-element-a9d80c2 elementor-widget elementor-widget-heading\" data-id=\"a9d80c2\" data-element_type=\"widget\" data-widget_type=\"heading.default\">\n\t\t\t\t<div class=\"elementor-widget-container\">\n\t\t\t\t\t<h2 class=\"elementor-heading-title elementor-size-default\">EXPERIENCIA EN LA INDUSTRIA<\/h2>\t\t\t\t<\/div>\n\t\t\t\t<\/div>\n\t\t\t\t<div class=\"elementor-element elementor-element-0602d17 elementor-widget elementor-widget-text-editor\" data-id=\"0602d17\" data-element_type=\"widget\" data-widget_type=\"text-editor.default\">\n\t\t\t\t<div class=\"elementor-widget-container\">\n\t\t\t\t\t\t\t\t\t<p>A lo largo de nuestra historia, con la ayuda de herramientas digitales y conocimientos t\u00e9cnicos, hemos desarrollado principalmente conocimientos especializados en cuatro sectores industriales para ayudar a las empresas de nuestra cartera a aprovechar las oportunidades de inversi\u00f3n. Tener un enfoque sectorial nos ha permitido obtener un conocimiento m\u00e1s profundo de los mercados de las empresas, permiti\u00e9ndonos as\u00ed una base s\u00f3lida para ideas nuevas y frescas. Una de las razones por las que m\u00e1s empresas nos conf\u00edan sus inversiones.<\/p><p>Tecnolog\u00eda, trabajamos para impulsar la innovaci\u00f3n y el crecimiento exitoso de las empresas que conf\u00edan en nosotros.<\/p><p>Servicios, identificamos las oportunidades emergentes en el sector con el mayor mercado del mundo.<\/p><p>Sanidad, colaboramos con las empresas para aprovechar los nuevos retos y oportunidades de un sector vital<\/p><p>Consumidor Digital, somos impulsores de empresas que estimulan la disrupci\u00f3n en un panorama diverso y en constante evoluci\u00f3n<\/p>\t\t\t\t\t\t\t\t<\/div>\n\t\t\t\t<\/div>\n\t\t\t\t\t<\/div>\n\t\t<\/div>\n\t\t\t\t\t<\/div>\n\t\t<\/section>\n\t\t\t\t<\/div>","protected":false},"excerpt":{"rendered":"<p>Digital Meta Coin THE FIRM Digital Meta Coin is one of the most experienced private equity investment firms operating today. Our investment philosophy and approach set us apart in private equity investments combined with digital asset management focused on Blockchain based projects and decentralized protocols. These Blockchain assets have become one of the main pillars [&hellip;]<\/p>","protected":false},"author":3,"featured_media":0,"parent":0,"menu_order":0,"comment_status":"closed","ping_status":"closed","template":"elementor_header_footer","meta":{"footnotes":""},"class_list":["post-98","page","type-page","status-publish","hentry"],"_links":{"self":[{"href":"https:\/\/digitalmetacoin.net\/es\/wp-json\/wp\/v2\/pages\/98","targetHints":{"allow":["GET"]}}],"collection":[{"href":"https:\/\/digitalmetacoin.net\/es\/wp-json\/wp\/v2\/pages"}],"about":[{"href":"https:\/\/digitalmetacoin.net\/es\/wp-json\/wp\/v2\/types\/page"}],"author":[{"embeddable":true,"href":"https:\/\/digitalmetacoin.net\/es\/wp-json\/wp\/v2\/users\/3"}],"replies":[{"embeddable":true,"href":"https:\/\/digitalmetacoin.net\/es\/wp-json\/wp\/v2\/comments?post=98"}],"version-history":[{"count":82,"href":"https:\/\/digitalmetacoin.net\/es\/wp-json\/wp\/v2\/pages\/98\/revisions"}],"predecessor-version":[{"id":1017,"href":"https:\/\/digitalmetacoin.net\/es\/wp-json\/wp\/v2\/pages\/98\/revisions\/1017"}],"wp:attachment":[{"href":"https:\/\/digitalmetacoin.net\/es\/wp-json\/wp\/v2\/media?parent=98"}],"curies":[{"name":"wp","href":"https:\/\/api.w.org\/{rel}","templated":true}]}}