{"id":3,"date":"2022-08-05T15:11:19","date_gmt":"2022-08-05T15:11:19","guid":{"rendered":"https:\/\/digitalmetacoin.net\/?page_id=3"},"modified":"2022-08-09T19:27:19","modified_gmt":"2022-08-09T19:27:19","slug":"privacy-policy","status":"publish","type":"page","link":"https:\/\/digitalmetacoin.net\/es\/politica-de-privacidad\/","title":{"rendered":"Pol\u00edticas de Privacidad"},"content":{"rendered":"<div data-elementor-type=\"wp-page\" data-elementor-id=\"3\" class=\"elementor elementor-3\" data-elementor-post-type=\"page\">\n\t\t\t\t\t\t<section class=\"elementor-section elementor-top-section elementor-element elementor-element-429e0e58 elementor-section-boxed elementor-section-height-default elementor-section-height-default\" data-id=\"429e0e58\" data-element_type=\"section\" data-settings=\"{&quot;background_background&quot;:&quot;classic&quot;}\">\n\t\t\t\t\t\t\t<div class=\"elementor-background-overlay\"><\/div>\n\t\t\t\t\t\t\t<div class=\"elementor-container elementor-column-gap-default\">\n\t\t\t\t\t<div class=\"elementor-column elementor-col-100 elementor-top-column elementor-element elementor-element-1fa883c4\" data-id=\"1fa883c4\" data-element_type=\"column\">\n\t\t\t<div class=\"elementor-widget-wrap elementor-element-populated\">\n\t\t\t\t\t\t\t<\/div>\n\t\t<\/div>\n\t\t\t\t\t<\/div>\n\t\t<\/section>\n\t\t\t\t<section class=\"elementor-section elementor-top-section elementor-element elementor-element-60ee87c0 elementor-section-boxed elementor-section-height-default elementor-section-height-default\" data-id=\"60ee87c0\" data-element_type=\"section\">\n\t\t\t\t\t\t<div class=\"elementor-container elementor-column-gap-no\">\n\t\t\t\t\t<div class=\"elementor-column elementor-col-100 elementor-top-column elementor-element elementor-element-20c072dd elementor-invisible\" data-id=\"20c072dd\" data-element_type=\"column\" data-settings=\"{&quot;animation&quot;:&quot;fadeIn&quot;}\">\n\t\t\t<div class=\"elementor-widget-wrap elementor-element-populated\">\n\t\t\t\t\t\t<div class=\"elementor-element elementor-element-050cfb1 elementor-widget elementor-widget-heading\" data-id=\"050cfb1\" data-element_type=\"widget\" data-widget_type=\"heading.default\">\n\t\t\t\t<div class=\"elementor-widget-container\">\n\t\t\t\t\t<h2 class=\"elementor-heading-title elementor-size-default\">Digital Meta Coin<\/h2>\t\t\t\t<\/div>\n\t\t\t\t<\/div>\n\t\t\t\t<div class=\"elementor-element elementor-element-ff52936 elementor-widget elementor-widget-text-editor\" data-id=\"ff52936\" data-element_type=\"widget\" data-widget_type=\"text-editor.default\">\n\t\t\t\t<div class=\"elementor-widget-container\">\n\t\t\t\t\t\t\t\t\t<p>Actualizada: 8 de Agosto del 2022<sup>th<\/sup>, 2022<\/p><p>DIGITAL META COIN, sus subsidiarias y afiliados (colectivamente denominados \"DIGITAL META COIN\", \"nosotros\" o \"nos\") ha desarrollado esta Pol\u00edtica de Privacidad que rige la recolecci\u00f3n, uso, divulgaci\u00f3n, transferencia, almacenamiento y protecci\u00f3n de su informaci\u00f3n personal compartida con DIGITAL META COIN.<\/p><p>Es posible que se le pida su informaci\u00f3n personal en cualquier momento que est\u00e9 en contacto con DIGITAL META COIN. Puede ser utilizado en conjunto con otra informaci\u00f3n para proporcionar y mejorar el sitio web de DIGITAL META COIN y nuestros servicios.<\/p><p>Es posible que se le pida que proporcione alguna informaci\u00f3n personal, pero usted tiene el derecho de negarse a proporcionarla a su entera discreci\u00f3n. En este caso, DIGITAL META COIN no podr\u00e1 proporcionarle una respuesta a cualquiera de sus solicitudes que requieran dicha informaci\u00f3n.<\/p><ol><li><strong>Informaci\u00f3n personal que se nos proporciona y que recopilamos<\/strong><\/li><\/ol><p>Cuando usted utiliza nuestro sitio web, <a href=\"http:\/\/www.cryptotradecorp.com\">www.digitalmetacoin.net<\/a>(en lo sucesivo denominado Sitio Web) DIGITAL META COIN puede recibir o recoger informaci\u00f3n personal sobre usted.<\/p><p>Informaci\u00f3n personal proporcionada voluntariamente:<\/p><p>Cuando usted utiliza el sitio web, podemos recoger ciertos datos de usted autom\u00e1ticamente y\/o de su dispositivo. Estos datos pueden ser considerados informaci\u00f3n personal bajo las leyes de protecci\u00f3n de datos aplicables. Los datos recogidos pueden ser relativos a:<\/p><p>Informaci\u00f3n personal recopilada autom\u00e1ticamente:<\/p><p>Cuando usted utiliza el sitio web, podemos recoger ciertos datos de usted autom\u00e1ticamente y\/o de su dispositivo. Estos datos pueden ser considerados informaci\u00f3n personal bajo las leyes de protecci\u00f3n de datos aplicables. Los datos recogidos pueden ser relativos a:<\/p><p>- Datos y an\u00e1lisis sobre su uso de nuestro sitio web.<\/p><p>- Direcci\u00f3n IP e identificadores del dispositivo.<\/p><p>- Tipo de dispositivo y sistema operativo que utiliza.<\/p><p>- Ubicaci\u00f3n geogr\u00e1fica general basada en la direcci\u00f3n IP del dispositivo, etc.<\/p><p>- Informaci\u00f3n personal que obtenemos de fuentes de terceros, como las redes sociales de terceros (incluidas, entre otras, Facebook, Twitter, Instagram y LinkedIn, conocidas en adelante como \"redes sociales de terceros\").<\/p><p>Adem\u00e1s, puede elegir seguir a DIGITAL META COIN a trav\u00e9s de su cuenta de redes sociales. La informaci\u00f3n exacta que recibimos de sus redes sociales depender\u00e1 de su configuraci\u00f3n de privacidad en las mismas, pero normalmente incluir\u00e1 la informaci\u00f3n b\u00e1sica de su perfil p\u00fablico, como su nombre de usuario, su sexo y sus amigos (v\u00e9ase tambi\u00e9n m\u00e1s abajo \"Redes sociales de terceros\").<\/p><ol start=\"2\"><li><strong>C\u00f3mo utilizamos su informaci\u00f3n<\/strong><\/li><\/ol><p>Utilizamos los datos personales que recogemos para los siguientes fines:<\/p><ul><li>Para proporcionar, mantener, depurar, mejorar y potenciar nuestros servicios.<\/li><li>Para comprender y analizar c\u00f3mo utiliza usted nuestros servicios y desarrollar nuevos productos, servicios, caracter\u00edsticas y funcionalidades.<\/li><li>Para proporcionarle actualizaciones y otra informaci\u00f3n relacionada con nuestros servicios, como la informaci\u00f3n solicitada, para proporcionarle nuestro bolet\u00edn de noticias, respuestas a comentarios y preguntas, y proporcionarle de otro modo asistencia al cliente.<\/li><li>Para fines de marketing, como el desarrollo y el suministro de materiales promocionales y publicitarios que puedan ser \u00fatiles, relevantes, valiosos o de alg\u00fan otro modo de inter\u00e9s para usted.<\/li><li>Para personalizar su experiencia en nuestros servicios, por ejemplo, para identificarle como visitante habitual.<\/li><li>Para facilitar la conexi\u00f3n de servicios o aplicaciones de terceros.<\/li><li>Para facilitar las transacciones, como el intercambio o la compra de criptomonedas.<\/li><li>Para crear datos desidentificados y\/o agregados para mejorar para nuestros prop\u00f3sitos comerciales, incluyendo la mejora de nuestros Servicios.<\/li><li>Para procesar su solicitud de empleo.<\/li><li>Para encontrar y prevenir el fraude, detectar incidentes de seguridad y responder a los problemas de confianza y seguridad que puedan surgir.<\/li><li>Para fines de cumplimiento, incluida la aplicaci\u00f3n de nuestras condiciones de servicio u otros derechos legales, o seg\u00fan lo exijan las leyes y reglamentos aplicables o lo solicite cualquier proceso judicial o agencia gubernamental.<\/li><li>Para un uso transitorio y a corto plazo.<\/li><li>Para gestionar nuestras comunicaciones con nuestros inversores y accionistas.<\/li><li>Para gestionar nuestras comunicaciones con nuestros inversores y accionistas.\nPara contratar a proveedores de servicios para que presten servicios en nuestro nombre, incluyendo la prestaci\u00f3n de servicios de atenci\u00f3n al cliente, la tramitaci\u00f3n de solicitudes de empleo, la verificaci\u00f3n de la informaci\u00f3n de los clientes, la prestaci\u00f3n de servicios de publicidad o marketing, la prestaci\u00f3n de servicios de an\u00e1lisis o la prestaci\u00f3n de servicios similares en nombre de la empresa o del proveedor de servicios.<\/li><li>Para otros fines para los que proporcionamos un aviso espec\u00edfico en el momento en que los Datos Personales.<\/li><\/ul><ol start=\"3\"><li><strong>Facilitar sus datos personales a terceros<\/strong><\/li><\/ol><p><strong>\u00a0<\/strong>Podremos revelar sus datos personales a cualquier miembro de nuestro grupo de empresas (es decir, a nuestras filiales, a nuestra sociedad de cartera \u00faltima y a todas sus filiales) en la medida en que sea razonablemente necesario para los fines, y sobre la base de los fundamentos jur\u00eddicos, establecidos en esta pol\u00edtica.<\/p><p>Podremos revelar sus datos personales a nuestras aseguradoras y\/o asesores profesionales en la medida en que sea razonablemente necesario para obtener o mantener la cobertura del seguro, gestionar los riesgos, obtener asesoramiento profesional, o el establecimiento, ejercicio o defensa de reclamaciones legales, ya sea en un procedimiento judicial o en un procedimiento administrativo o extrajudicial.<\/p><p>Las transacciones financieras relacionadas con nuestro sitio web y nuestros servicios pueden ser gestionadas por nuestros proveedores de servicios de pago. Compartiremos los datos de las transacciones con nuestros proveedores de servicios de pago s\u00f3lo en la medida en que sea necesario para procesar sus pagos, reembolsar dichos pagos y gestionar las quejas y consultas relacionadas con dichos pagos y reembolsos.<\/p><p>Podremos revelar los datos de su consulta a uno o varios de los terceros proveedores de productos y servicios identificados en nuestro sitio web con el fin de permitirles ponerse en contacto con usted para que puedan ofrecerle, comercializarle y venderle los productos y\/o servicios pertinentes. Cada uno de estos terceros actuar\u00e1 como controlador de datos en relaci\u00f3n con los datos de la consulta que le proporcionamos; y al ponerse en contacto con usted, cada uno de estos terceros le proporcionar\u00e1 una copia de su propia pol\u00edtica de privacidad, que regir\u00e1 el uso de sus datos personales por parte de ese tercero.<\/p><ol start=\"4\"><li><strong>Cookies<\/strong><\/li><\/ol><p>Las cookies son archivos que contienen peque\u00f1as cantidades de datos, que pueden incluir un identificador \u00fanico an\u00f3nimo. El sitio web env\u00eda cookies a su navegador, que se almacenan en la memoria de su dispositivo.<\/p><p>DIGITAL META COIN utiliza cookies con el fin de recopilar informaci\u00f3n. Usted puede configurar su navegador para que rechace todas las cookies o para que le avise cuando se env\u00eda una cookie. Sin embargo, si no recibe cookies, es posible que no pueda acceder y utilizar ciertas secciones de nuestro sitio web.<\/p><p>Otras tecnolog\u00edas y cookies:<\/p><p>Nuestro sitio web puede utilizar cookies y otras tecnolog\u00edas, incluidas las etiquetas de p\u00edxeles y las balizas web. Esta tecnolog\u00eda permite conocer mejor su comportamiento e indica qu\u00e9 partes de nuestro sitio web ha visitado. A continuaci\u00f3n, utilizamos esta informaci\u00f3n para facilitar y medir la eficacia de los anuncios y las pr\u00e1cticas de SEO. La informaci\u00f3n recogida a trav\u00e9s de las cookies y otras tecnolog\u00edas se considera informaci\u00f3n no personal. Sin embargo, en los casos en que las direcciones IP u otros identificadores relacionados son considerados informaci\u00f3n personal por la legislaci\u00f3n local, DIGITAL META COIN tambi\u00e9n considera estos identificadores como informaci\u00f3n personal.<\/p><p>Del mismo modo, con respecto a la informaci\u00f3n no personal y los datos almacenados o utilizados en conjunto con la informaci\u00f3n personal, DIGITAL META COIN considera esta informaci\u00f3n conjunta como informaci\u00f3n personal custodiada por esta Pol\u00edtica de Privacidad.<\/p><p>Podemos, a nuestra sola discreci\u00f3n, recoger ciertos datos autom\u00e1ticamente, y mantenerlos en archivos de registro. Esta informaci\u00f3n puede incluir direcciones IP, versi\u00f3n del navegador, proveedor de Internet, sistema operativo, idioma, sello de fecha\/hora y\/u otra informaci\u00f3n.<\/p><p>Podemos utilizar esta informaci\u00f3n para determinar tendencias, controlar su comportamiento en el sitio web, administrarlo, mejorar nuestros servicios y recopilar informaci\u00f3n demogr\u00e1fica sobre nuestros usuarios con fines generales y de marketing\/publicidad.<\/p><p>Algunos de nuestros mensajes de correo electr\u00f3nico pueden contener \"click-through URLs\", que enlazan con el contenido de nuestro sitio web.<\/p><p>Las etiquetas de DIGITAL META COIN nos permiten enviar mensajes de correo electr\u00f3nico que, cuando son le\u00eddos por el usuario, nos notifican si el correo ha sido abierto. Podemos utilizar esta informaci\u00f3n para eliminar o reducir el n\u00famero de mensajes enviados al usuario.<\/p><p>DIGITAL META COIN puede utilizar otras cookies con el fin de recopilar informaci\u00f3n personal seg\u00fan esta Pol\u00edtica de Privacidad.<\/p><ol start=\"5\"><li><strong>Este sitio no est\u00e1 destinado a los ni\u00f1os<\/strong><\/li><\/ol><p>\u00a0Nuestro Sitio est\u00e1 destinado a ser utilizado por adultos legales. No recopilamos conscientemente informaci\u00f3n personal identificable de menores. Si usted es un padre o tutor legal y cree que su hijo nos ha dado informaci\u00f3n, puede ponerse en contacto con nosotros por correo electr\u00f3nico o en la direcci\u00f3n que aparece al final de esta Pol\u00edtica de Privacidad.<\/p><ol start=\"6\"><li><strong>Sus derechos<\/strong><\/li><\/ol><p>A continuaci\u00f3n se exponen los derechos que le asisten en relaci\u00f3n con los datos personales que tenemos sobre usted.<\/p><p>Acceso a la informaci\u00f3n<\/p><p>Si nos lo solicita, le confirmaremos si estamos tratando sus Datos Personales y, en caso afirmativo, qu\u00e9 informaci\u00f3n tratamos y, si lo solicita, le proporcionaremos una copia de dicha informaci\u00f3n en un plazo de 30 d\u00edas a partir de la fecha de su solicitud.<\/p><p>Rectificaci\u00f3n<\/p><p>Es importante para nosotros que sus Datos Personales est\u00e9n actualizados. Tomaremos todas las medidas razonables para asegurarnos de que sus Datos Personales sigan siendo precisos, completos y actualizados. Si los Datos Personales que tenemos sobre usted son inexactos o incompletos, tiene derecho a rectificarlos. Si hemos revelado sus Datos Personales a otros, les informaremos de la rectificaci\u00f3n siempre que sea posible. Si nos lo pide, siempre que sea posible y l\u00edcito, tambi\u00e9n le informaremos con qui\u00e9n hemos compartido sus Datos Personales para que pueda ponerse en contacto con ellos directamente.<\/p><p>Puede informarnos en cualquier momento de que sus datos personales han cambiado envi\u00e1ndonos un correo electr\u00f3nico a <a href=\"mailto:info@digitalmetacoin.net\">info@digitalmetacoin.net<\/a> y modificaremos sus Datos Personales de acuerdo con sus instrucciones. Para proceder con dichas solicitudes, en algunos casos podemos necesitar documentos de apoyo de su parte como prueba que estamos obligados a conservar para fines regulatorios u otros fines legales.<\/p><p>Borrado<\/p><p>Puede pedirnos que borremos o eliminemos sus Datos Personales en determinadas circunstancias, por ejemplo, si ya no los necesitamos, siempre que no tengamos ninguna obligaci\u00f3n legal o reglamentaria de conservar esos datos. Dichas solicitudes estar\u00e1n sujetas a cualquier acuerdo que usted haya firmado con nosotros, y a cualquier l\u00edmite de retenci\u00f3n que debamos cumplir de acuerdo con las leyes y reglamentos aplicables. Si hemos revelado sus datos personales a otras personas, les informaremos de la solicitud de borrado siempre que sea posible. Si nos lo pide, siempre que sea posible y l\u00edcito hacerlo, tambi\u00e9n le informaremos con qui\u00e9n hemos compartido sus Datos Personales para que pueda ponerse en contacto con ellos directamente.<\/p><p>Restricciones del tratamiento<\/p><p>Puede pedirnos que bloqueemos o suprimamos el tratamiento de sus Datos Personales en determinadas circunstancias, por ejemplo, si impugna la exactitud de esos Datos Personales o se opone a que los tratemos. Esto no impedir\u00e1 que almacenemos sus Datos Personales. Le informaremos antes de que decidamos no aceptar cualquier restricci\u00f3n solicitada. Si hemos revelado sus Datos Personales a otros, les informaremos de la restricci\u00f3n del tratamiento siempre que sea posible. Si nos lo pide, siempre que sea posible y l\u00edcito, tambi\u00e9n le informaremos de con qui\u00e9n hemos compartido sus Datos Personales para que pueda ponerse en contacto con ellos directamente.<\/p><p>Portabilidad de los datos<\/p><p>En determinadas circunstancias, puede tener derecho a obtener los Datos Personales que nos ha proporcionado (en un formato estructurado, de uso com\u00fan y legible por m\u00e1quina) y reutilizarlos en otro lugar o pedirnos que los transfiramos a un tercero de su elecci\u00f3n.<\/p><p>Objeci\u00f3n<\/p><p>Puede pedirnos que dejemos de procesar sus Datos Personales, y lo haremos<\/p><p>Bas\u00e1ndonos en intereses leg\u00edtimos propios o ajenos para tratar sus Datos Personales, excepto si podemos demostrar motivos legales imperiosos para el tratamiento.<\/p><p>Tratamiento de sus datos personales con fines de marketing directo;\u00a0<\/p><p>Tratar sus Datos Personales con fines de investigaci\u00f3n, a menos que consideremos razonablemente que dicho tratamiento es necesario o prudente para la realizaci\u00f3n de una tarea llevada a cabo en inter\u00e9s p\u00fablico (como por ejemplo, por parte de un organismo regulador o de ejecuci\u00f3n).<\/p><p>Toma de decisiones y elaboraci\u00f3n de perfiles automatizados:<\/p><p>Si tomamos una decisi\u00f3n basada \u00fanicamente en un proceso automatizado (por ejemplo, mediante la elaboraci\u00f3n de perfiles autom\u00e1ticos) que afecte a su capacidad para acceder a nuestros Servicios o tenga otro efecto significativo sobre usted, puede solicitar que no se le aplique dicha decisi\u00f3n, a menos que podamos demostrarle que dicha decisi\u00f3n es necesaria para celebrar o ejecutar un contrato entre nosotros. Incluso si una decisi\u00f3n es necesaria para celebrar o ejecutar un contrato, usted puede impugnar la decisi\u00f3n y exigir la intervenci\u00f3n humana. Es posible que no podamos ofrecerle nuestros servicios si accedemos a dicha solicitud, poniendo fin a nuestra relaci\u00f3n con usted. Puede ejercer cualquiera de estos derechos poni\u00e9ndose en contacto con nosotros en <a href=\"mailto:info@digitalmetacoin.net\">info@digitalmetacoin.net<\/a>.<\/p><p><strong>Per\u00edodo de conservaci\u00f3n de los datos<\/strong><\/p><p>La informaci\u00f3n que recogemos puede ser almacenada o procesada en ordenadores situados en cualquier pa\u00eds en el que hagamos negocios. S\u00f3lo conservaremos sus datos personales durante el tiempo necesario para cumplir los fines para los que los recogimos, incluidos los fines de satisfacer cualquier obligaci\u00f3n legal, contable o de informaci\u00f3n, o para resolver conflictos. Se trata de una determinaci\u00f3n caso por caso que depende de aspectos como la naturaleza de los datos, la raz\u00f3n por la que se recogen y procesan, y las necesidades de retenci\u00f3n legales u operativas pertinentes. Por ejemplo, podemos conservar cierta informaci\u00f3n con fines contables y de seguridad incluso despu\u00e9s de que haya cesado nuestra relaci\u00f3n comercial con usted.<\/p><ol start=\"7\"><li><strong>Contacto<\/strong><\/li><\/ol><p>Si tiene m\u00e1s preguntas sobre esta pol\u00edtica de privacidad, p\u00f3ngase en contacto con nosotros de una de las siguientes maneras:<\/p><p>Para cuestiones de privacidad y para ejercer sus derechos, p\u00f3ngase en contacto con nuestra oficina de atenci\u00f3n al cliente en <a href=\"mailto:info@digitalmetacoin.net\">info@digitalmetacoin.net<\/a>.<\/p><p>Para la informaci\u00f3n recopilada bajo esta Pol\u00edtica de Privacidad, el controlador de datos es \"DIGITAL META COIN\", establecido bajo las leyes de El Salvador.<\/p><p>Direcci\u00f3n de la empresa: Calle Cuscatl\u00e1n y 83 Av. Sur, Colonia Escalon, #375, San Salvador. El Salvador.<\/p><p>Tel\u00e9fono: 1-888-3126081<\/p><p>Correo electr\u00f3nico: info@digitalmetacoin.net<\/p>\t\t\t\t\t\t\t\t<\/div>\n\t\t\t\t<\/div>\n\t\t\t\t\t<\/div>\n\t\t<\/div>\n\t\t\t\t\t<\/div>\n\t\t<\/section>\n\t\t\t\t<section class=\"elementor-section elementor-top-section elementor-element elementor-element-07e31b2 elementor-section-boxed elementor-section-height-default elementor-section-height-default\" data-id=\"07e31b2\" data-element_type=\"section\">\n\t\t\t\t\t\t<div class=\"elementor-container elementor-column-gap-default\">\n\t\t\t\t\t<div class=\"elementor-column elementor-col-100 elementor-top-column elementor-element elementor-element-b576362\" data-id=\"b576362\" data-element_type=\"column\">\n\t\t\t<div class=\"elementor-widget-wrap elementor-element-populated\">\n\t\t\t\t\t\t<div class=\"elementor-element elementor-element-9161624 elementor-align-center elementor-invisible elementor-widget elementor-widget-button\" data-id=\"9161624\" data-element_type=\"widget\" data-settings=\"{&quot;_animation&quot;:&quot;lightSpeedIn&quot;}\" data-widget_type=\"button.default\">\n\t\t\t\t<div class=\"elementor-widget-container\">\n\t\t\t\t\t\t\t\t\t<div class=\"elementor-button-wrapper\">\n\t\t\t\t\t<a class=\"elementor-button elementor-button-link elementor-size-sm\" href=\"https:\/\/digitalmetacoin.net\/es\/\">\n\t\t\t\t\t\t<span class=\"elementor-button-content-wrapper\">\n\t\t\t\t\t\t\t\t\t<span class=\"elementor-button-text\">Inicio<\/span>\n\t\t\t\t\t<\/span>\n\t\t\t\t\t<\/a>\n\t\t\t\t<\/div>\n\t\t\t\t\t\t\t\t<\/div>\n\t\t\t\t<\/div>\n\t\t\t\t\t<\/div>\n\t\t<\/div>\n\t\t\t\t\t<\/div>\n\t\t<\/section>\n\t\t\t\t<\/div>","protected":false},"excerpt":{"rendered":"<p>Digital Meta Coin Updated: August 9th, 2022 DIGITAL META COIN, its subsidiaries and affiliates (collectively referred to as \u201cDIGITAL META COIN\u201d, \u201cwe\u201d or \u201cus\u201d) has developed this Privacy Policy that governs collection, use, disclosure, transfer, storage, and protection of your personal information shared with DIGITAL META COIN. You may be asked to provide your personal [&hellip;]<\/p>","protected":false},"author":3,"featured_media":0,"parent":0,"menu_order":0,"comment_status":"closed","ping_status":"open","template":"elementor_header_footer","meta":{"footnotes":""},"class_list":["post-3","page","type-page","status-publish","hentry"],"_links":{"self":[{"href":"https:\/\/digitalmetacoin.net\/es\/wp-json\/wp\/v2\/pages\/3","targetHints":{"allow":["GET"]}}],"collection":[{"href":"https:\/\/digitalmetacoin.net\/es\/wp-json\/wp\/v2\/pages"}],"about":[{"href":"https:\/\/digitalmetacoin.net\/es\/wp-json\/wp\/v2\/types\/page"}],"author":[{"embeddable":true,"href":"https:\/\/digitalmetacoin.net\/es\/wp-json\/wp\/v2\/users\/3"}],"replies":[{"embeddable":true,"href":"https:\/\/digitalmetacoin.net\/es\/wp-json\/wp\/v2\/comments?post=3"}],"version-history":[{"count":30,"href":"https:\/\/digitalmetacoin.net\/es\/wp-json\/wp\/v2\/pages\/3\/revisions"}],"predecessor-version":[{"id":1125,"href":"https:\/\/digitalmetacoin.net\/es\/wp-json\/wp\/v2\/pages\/3\/revisions\/1125"}],"wp:attachment":[{"href":"https:\/\/digitalmetacoin.net\/es\/wp-json\/wp\/v2\/media?parent=3"}],"curies":[{"name":"wp","href":"https:\/\/api.w.org\/{rel}","templated":true}]}}